{"id":348,"date":"2024-07-16T13:43:26","date_gmt":"2024-07-16T11:43:26","guid":{"rendered":"https:\/\/tkk.univet.hu\/staff\/"},"modified":"2024-07-23T14:13:17","modified_gmt":"2024-07-23T12:13:17","slug":"staff","status":"publish","type":"page","link":"https:\/\/tkk.univet.hu\/en\/staff\/","title":{"rendered":"Staff"},"content":{"rendered":"<p>[et_pb_section fb_built=&#8221;1&#8243; _builder_version=&#8221;4.16&#8243; _module_preset=&#8221;default&#8221; global_colors_info=&#8221;{}&#8221;][et_pb_row _builder_version=&#8221;4.16&#8243; _module_preset=&#8221;default&#8221; global_colors_info=&#8221;{}&#8221;][et_pb_column type=&#8221;4_4&#8243; _builder_version=&#8221;4.16&#8243; _module_preset=&#8221;default&#8221; global_colors_info=&#8221;{}&#8221;][et_pb_heading title=&#8221;Staff&#8221; _builder_version=&#8221;4.26.1&#8243; _module_preset=&#8221;default&#8221; global_colors_info=&#8221;{}&#8221;][\/et_pb_heading][et_pb_image src=&#8221;https:\/\/tkk.univet.hu\/wp-content\/uploads\/2024\/07\/Ozsvari_Laszlo_01.jpg&#8221; title_text=&#8221;Prof. Dr. L\u00e1szl\u00f3 \u00d3zsv\u00e1ri&#8221; _builder_version=&#8221;4.26.1&#8243; _module_preset=&#8221;default&#8221; width=&#8221;180px&#8221; width_last_edited=&#8221;off|desktop&#8221; global_colors_info=&#8221;{}&#8221;][\/et_pb_image][et_pb_text admin_label=&#8221;Sz\u00f6veg&#8221; _builder_version=&#8221;4.26.1&#8243; _module_preset=&#8221;default&#8221; hover_enabled=&#8221;0&#8243; global_colors_info=&#8221;{}&#8221; sticky_enabled=&#8221;0&#8243;]<\/p>\n<h2>Prof. Dr. L\u00e1szl\u00f3 \u00d3zsv\u00e1ri<\/h2>\n<h3>Vice-Rector for Education,<br \/>Head of Department, Professor<\/h3>\n<p>E-mail: <a href=\"mailto:ozsvari.laszlo@univet.hu\">ozsvari.laszlo(at)univet.hu<\/a><br \/>Phone: +36 (1) 478-4100\/8591<\/p>\n<p>[\/et_pb_text][et_pb_image src=&#8221;https:\/\/tkk.univet.hu\/wp-content\/uploads\/2024\/07\/Foto_02.jpg&#8221; title_text=&#8221;Director of Continuing Training&#8221; _builder_version=&#8221;4.26.1&#8243; _module_preset=&#8221;default&#8221; width=&#8221;180px&#8221; global_colors_info=&#8221;{}&#8221;][\/et_pb_image][et_pb_text _builder_version=&#8221;4.26.1&#8243; _module_preset=&#8221;default&#8221; hover_enabled=&#8221;0&#8243; global_colors_info=&#8221;{}&#8221; sticky_enabled=&#8221;0&#8243;]<\/p>\n<h2>Dr. Adrienn Gyurcs\u00f3<\/h2>\n<h3>Director of Postgraduate Education<\/h3>\n<p>E-mail: <a href=\"mailto:gyurcso.adrienn@univet.hu\">gyurcso.adrienn(at)univet.hu<\/a><br \/>Phone: +36 (1) 478-4100\/8775<\/p>\n<p>[\/et_pb_text][\/et_pb_column][\/et_pb_row][et_pb_row column_structure=&#8221;1_3,1_3,1_3&#8243; _builder_version=&#8221;4.16&#8243; _module_preset=&#8221;default&#8221; global_colors_info=&#8221;{}&#8221;][et_pb_column type=&#8221;1_3&#8243; _builder_version=&#8221;4.16&#8243; _module_preset=&#8221;default&#8221; global_colors_info=&#8221;{}&#8221;][et_pb_image src=&#8221;https:\/\/tkk.univet.hu\/wp-content\/uploads\/2024\/07\/Leffler_Adrienn_03.jpg&#8221; title_text=&#8221;Adrienn Leffler&#8221; _builder_version=&#8221;4.26.1&#8243; _module_preset=&#8221;default&#8221; width=&#8221;180px&#8221; global_colors_info=&#8221;{}&#8221;][\/et_pb_image][et_pb_text _builder_version=&#8221;4.16&#8243; _module_preset=&#8221;default&#8221; global_colors_info=&#8221;{}&#8221;]<\/p>\n<h1>Adrienn Leffler<\/h1>\n<h3>Training administrator<\/h3>\n<p>E-mail: <a href=\"mailto:leffler.adrienn@univet.hu\">leffler.adrienn(at)univet.hu<\/a><br \/>Phone: +36 (1) 478-4100\/8883,<br \/>+36-30-820-8709<\/p>\n<p>[\/et_pb_text][\/et_pb_column][et_pb_column type=&#8221;1_3&#8243; _builder_version=&#8221;4.16&#8243; _module_preset=&#8221;default&#8221; global_colors_info=&#8221;{}&#8221;][et_pb_image src=&#8221;https:\/\/tkk.univet.hu\/wp-content\/uploads\/2024\/07\/Foto_01.jpg&#8221; title_text=&#8221;Training administrator&#8221; _builder_version=&#8221;4.26.1&#8243; _module_preset=&#8221;default&#8221; width=&#8221;180px&#8221; global_colors_info=&#8221;{}&#8221;][\/et_pb_image][et_pb_text _builder_version=&#8221;4.16&#8243; _module_preset=&#8221;default&#8221; global_colors_info=&#8221;{}&#8221;]<\/p>\n<h1>Be\u00e1ta Kosztrabszky<\/h1>\n<h3>Training administrator<\/h3>\n<p>E-mail: <a href=\"mailto:kosztrabszky.beata@univet.hu\">kosztrabszky.beata(at)univet.hu<\/a><br \/>Phone: +36 (1) 478-4100\/8880,<br \/>+36-30-820-8709<\/p>\n<p>[\/et_pb_text][\/et_pb_column][et_pb_column type=&#8221;1_3&#8243; _builder_version=&#8221;4.16&#8243; _module_preset=&#8221;default&#8221; global_colors_info=&#8221;{}&#8221;][et_pb_image src=&#8221;https:\/\/tkk.univet.hu\/wp-content\/uploads\/2024\/07\/Ecsedi_Adrienn_01.jpg&#8221; title_text=&#8221;Adrienn Ecsedi&#8221; _builder_version=&#8221;4.26.1&#8243; _module_preset=&#8221;default&#8221; width=&#8221;180px&#8221; global_colors_info=&#8221;{}&#8221;][\/et_pb_image][et_pb_text _builder_version=&#8221;4.16&#8243; _module_preset=&#8221;default&#8221; global_colors_info=&#8221;{}&#8221;]<\/p>\n<h1>Adrienn Ecsedi<\/h1>\n<h3>Training administrator<\/h3>\n<p>E-mail: <a href=\"mailto:ecsedi.adrienn@univet.hu\">ecsedi.adrienn(at)univet.hu<\/a><br \/>Phone: +36 (1) 478-4100\/8884,<br \/>+36-30-820-8709<\/p>\n<p>[\/et_pb_text][\/et_pb_column][\/et_pb_row][\/et_pb_section]<\/p>\n","protected":false},"excerpt":{"rendered":"<p>Prof. Dr. L\u00e1szl\u00f3 \u00d3zsv\u00e1ri Vice-Rector for Education,Head of Department, Professor E-mail: ozsvari.laszlo(at)univet.huPhone: +36 (1) 478-4100\/8591Dr. Adrienn Gyurcs\u00f3 Director of Postgraduate Education E-mail: gyurcso.adrienn(at)univet.huPhone: +36 (1) 478-4100\/8775Adrienn Leffler Training administrator E-mail: leffler.adrienn(at)univet.huPhone: +36 (1) 478-4100\/8883,+36-30-820-8709Be\u00e1ta Kosztrabszky Training administrator E-mail: kosztrabszky.beata(at)univet.huPhone: +36 (1) 478-4100\/8880,+36-30-820-8709Adrienn Ecsedi Training administrator E-mail: ecsedi.adrienn(at)univet.huPhone: +36 (1) 478-4100\/8884,+36-30-820-8709<\/p>\n","protected":false},"author":1,"featured_media":0,"parent":0,"menu_order":0,"comment_status":"closed","ping_status":"closed","template":"","meta":{"_et_pb_use_builder":"on","_et_pb_old_content":"","_et_gb_content_width":"","footnotes":""},"class_list":["post-348","page","type-page","status-publish","hentry"],"_links":{"self":[{"href":"https:\/\/tkk.univet.hu\/en\/wp-json\/wp\/v2\/pages\/348","targetHints":{"allow":["GET"]}}],"collection":[{"href":"https:\/\/tkk.univet.hu\/en\/wp-json\/wp\/v2\/pages"}],"about":[{"href":"https:\/\/tkk.univet.hu\/en\/wp-json\/wp\/v2\/types\/page"}],"author":[{"embeddable":true,"href":"https:\/\/tkk.univet.hu\/en\/wp-json\/wp\/v2\/users\/1"}],"replies":[{"embeddable":true,"href":"https:\/\/tkk.univet.hu\/en\/wp-json\/wp\/v2\/comments?post=348"}],"version-history":[{"count":5,"href":"https:\/\/tkk.univet.hu\/en\/wp-json\/wp\/v2\/pages\/348\/revisions"}],"predecessor-version":[{"id":947,"href":"https:\/\/tkk.univet.hu\/en\/wp-json\/wp\/v2\/pages\/348\/revisions\/947"}],"wp:attachment":[{"href":"https:\/\/tkk.univet.hu\/en\/wp-json\/wp\/v2\/media?parent=348"}],"curies":[{"name":"wp","href":"https:\/\/api.w.org\/{rel}","templated":true}]}}