{"id":1140,"date":"2024-07-16T16:51:23","date_gmt":"2024-07-16T14:51:23","guid":{"rendered":"https:\/\/tkk.univet.hu\/planned-continuing-education-courses\/"},"modified":"2025-07-10T14:23:42","modified_gmt":"2025-07-10T12:23:42","slug":"planned-continuing-education-courses","status":"publish","type":"page","link":"https:\/\/tkk.univet.hu\/en\/planned-continuing-education-courses\/","title":{"rendered":"Planned Continuing Education Courses"},"content":{"rendered":"<p>[et_pb_section fb_built=&#8221;1&#8243; _builder_version=&#8221;4.26.1&#8243; _module_preset=&#8221;default&#8221; global_colors_info=&#8221;{}&#8221;][et_pb_row _builder_version=&#8221;4.26.1&#8243; _module_preset=&#8221;default&#8221; global_colors_info=&#8221;{}&#8221;][et_pb_column type=&#8221;4_4&#8243; _builder_version=&#8221;4.26.1&#8243; _module_preset=&#8221;default&#8221; global_colors_info=&#8221;{}&#8221;][et_pb_heading title=&#8221;Planned Continuing Education Courses&#8221; _builder_version=&#8221;4.26.1&#8243; _module_preset=&#8221;default&#8221; global_colors_info=&#8221;{}&#8221;][\/et_pb_heading][et_pb_text _builder_version=&#8221;4.26.1&#8243; _module_preset=&#8221;default&#8221; text_font_size=&#8221;18px&#8221; global_colors_info=&#8221;{}&#8221;]<\/p>\n<p><strong>Participation can be canceled in written message up to the 5th working day before the Planned Continuing Education Course without paying the registration fee.<\/strong><\/p>\n<p>[\/et_pb_text][et_pb_text disabled_on=&#8221;off|off|off&#8221; _builder_version=&#8221;4.26.1&#8243; _module_preset=&#8221;default&#8221; global_colors_info=&#8221;{}&#8221;]<\/p>\n<h3>Planned Continuing Education Courses in English<\/h3>\n<p>[\/et_pb_text][et_pb_toggle title=&#8221;Vorbereitungskurs im Fach Chemie &#8211; 25-29. August 2025&#8243; _builder_version=&#8221;4.27.4&#8243; _module_preset=&#8221;default&#8221; hover_enabled=&#8221;0&#8243; custom_css_free_form=&#8221;selector h5.et_pb_toggle_title::after { ||  content: %22New!%22;||  padding: 5px;||  margin-left: 10px;||  font-size: 12px;||  color: #fff;||  background: #d72715;||  border-radius: 5px;||}&#8221; global_colors_info=&#8221;{}&#8221; sticky_enabled=&#8221;0&#8243;]<\/p>\n<p><strong>Venue \/ Standort:<\/strong>\u00a0Veterin\u00e4rmedizinische Universit\u00e4t Budapest, H-1078 Budapest, Istv\u00e1n utca 2., Ungarn, S\u00e1ndor Tolnay H\u00f6rsaal<\/p>\n<ul>\n<li><a href=\"https:\/\/tkk.univet.hu\/wp-content\/uploads\/2025\/07\/Chemie_Vorbereitungskurs_2025.pdf\" target=\"_blank\" rel=\"noopener\">Kursanzeige<\/a><\/li>\n<\/ul>\n<p><strong>Registration deadline \/ Bewerbungsschluss:<\/strong>\u00a08. August 2025<br \/><strong>Fee \/ Studiengeb\u00fchr: 490 Euro<\/strong><br \/><strong>The course is in German.<\/strong><\/p>\n<a href='https:\/\/forms.office.com\/e\/TZXUfdSnpC' class='small-button smallred' target=\"_blank\">Registration<\/a>\n<p>[\/et_pb_toggle][et_pb_text disabled_on=&#8221;off|off|off&#8221; _builder_version=&#8221;4.26.1&#8243; _module_preset=&#8221;default&#8221; global_colors_info=&#8221;{}&#8221;]<\/p>\n<h3>Planned Continuing Education Courses in Hungarian<\/h3>\n<ul>\n<li>&#8220;Heartworm and lungworm news&#8221; webinar &#8211; 17th July 2025<\/li>\n<\/ul>\n<p>[\/et_pb_text][\/et_pb_column][\/et_pb_row][\/et_pb_section]<\/p>\n","protected":false},"excerpt":{"rendered":"<p>Participation can be canceled in written message up to the 5th working day before the Planned Continuing Education Course without paying the registration fee.Planned Continuing Education Courses in EnglishVenue \/ Standort:\u00a0Veterin\u00e4rmedizinische Universit\u00e4t Budapest, H-1078 Budapest, Istv\u00e1n utca 2., Ungarn, S\u00e1ndor Tolnay H\u00f6rsaal Kursanzeige Registration deadline \/ Bewerbungsschluss:\u00a08. August 2025Fee \/ Studiengeb\u00fchr: 490 EuroThe course is [&hellip;]<\/p>\n","protected":false},"author":3,"featured_media":0,"parent":0,"menu_order":0,"comment_status":"closed","ping_status":"closed","template":"","meta":{"_et_pb_use_builder":"on","_et_pb_old_content":"","_et_gb_content_width":"","footnotes":""},"class_list":["post-1140","page","type-page","status-publish","hentry"],"_links":{"self":[{"href":"https:\/\/tkk.univet.hu\/en\/wp-json\/wp\/v2\/pages\/1140","targetHints":{"allow":["GET"]}}],"collection":[{"href":"https:\/\/tkk.univet.hu\/en\/wp-json\/wp\/v2\/pages"}],"about":[{"href":"https:\/\/tkk.univet.hu\/en\/wp-json\/wp\/v2\/types\/page"}],"author":[{"embeddable":true,"href":"https:\/\/tkk.univet.hu\/en\/wp-json\/wp\/v2\/users\/3"}],"replies":[{"embeddable":true,"href":"https:\/\/tkk.univet.hu\/en\/wp-json\/wp\/v2\/comments?post=1140"}],"version-history":[{"count":32,"href":"https:\/\/tkk.univet.hu\/en\/wp-json\/wp\/v2\/pages\/1140\/revisions"}],"predecessor-version":[{"id":2190,"href":"https:\/\/tkk.univet.hu\/en\/wp-json\/wp\/v2\/pages\/1140\/revisions\/2190"}],"wp:attachment":[{"href":"https:\/\/tkk.univet.hu\/en\/wp-json\/wp\/v2\/media?parent=1140"}],"curies":[{"name":"wp","href":"https:\/\/api.w.org\/{rel}","templated":true}]}}