{"id":1137,"date":"2024-07-16T16:50:57","date_gmt":"2024-07-16T14:50:57","guid":{"rendered":"https:\/\/tkk.univet.hu\/completed-continuing-education-courses\/"},"modified":"2025-07-07T16:16:01","modified_gmt":"2025-07-07T14:16:01","slug":"completed-continuing-education-courses","status":"publish","type":"page","link":"https:\/\/tkk.univet.hu\/en\/completed-continuing-education-courses\/","title":{"rendered":"Completed Continuing Education Courses"},"content":{"rendered":"<p>[et_pb_section fb_built=&#8221;1&#8243; _builder_version=&#8221;4.26.1&#8243; _module_preset=&#8221;default&#8221; global_colors_info=&#8221;{}&#8221;][et_pb_row _builder_version=&#8221;4.26.1&#8243; _module_preset=&#8221;default&#8221; global_colors_info=&#8221;{}&#8221;][et_pb_column type=&#8221;4_4&#8243; _builder_version=&#8221;4.26.1&#8243; _module_preset=&#8221;default&#8221; global_colors_info=&#8221;{}&#8221;][et_pb_heading title=&#8221;Completed Continuing Education Courses&#8221; _builder_version=&#8221;4.26.1&#8243; _module_preset=&#8221;default&#8221; global_colors_info=&#8221;{}&#8221;][\/et_pb_heading][et_pb_text _builder_version=&#8221;4.26.1&#8243; _module_preset=&#8221;default&#8221; global_colors_info=&#8221;{}&#8221;]<\/p>\n<h3>Completed Continuing Education Courses 2025 in English<\/h3>\n<p>[\/et_pb_text][et_pb_accordion _builder_version=&#8221;4.26.1&#8243; _module_preset=&#8221;default&#8221; global_colors_info=&#8221;{}&#8221;][et_pb_accordion_item title=&#8221;Special Surgical Procedures on the Head and Neck in Small Animals \u2013 06th of June, 2025&#8243; open=&#8221;on&#8221; _builder_version=&#8221;4.26.1&#8243; _module_preset=&#8221;default&#8221; global_colors_info=&#8221;{}&#8221;]<\/p>\n<p><strong>Venue:<\/strong>\u00a0Surgery practical room, University of Veterinary Medicine Budapest, H-1078 BUDAPEST, Istv\u00e1n u. 2.<br \/><strong>Time:<\/strong>\u00a0June 6, 2025, Friday<\/p>\n<ul>\n<li><a href=\"https:\/\/tkk.univet.hu\/wp-content\/uploads\/2025\/03\/Special_Surgical_Procedures_Workshop_v02.pdf\" target=\"_blank\" rel=\"noopener\">Downloadable program<\/a><\/li>\n<\/ul>\n<p><strong>Registration deadline:<\/strong>\u00a0May 5, 2025<br \/><strong>Fee:<\/strong>\u00a0350 Euro (including drinks and sandwich meal)<br \/><strong>Postgraduate credit points:<\/strong>\u00a037<br \/><strong>The course is in English.<\/strong><\/p>\n<p>[\/et_pb_accordion_item][\/et_pb_accordion][et_pb_text _builder_version=&#8221;4.26.1&#8243; _module_preset=&#8221;default&#8221; hover_enabled=&#8221;0&#8243; global_colors_info=&#8221;{}&#8221; sticky_enabled=&#8221;0&#8243;]<\/p>\n<h3>Completed Continuing Education Courses 2025 in Hungarian<\/h3>\n<ul>\n<li>&#8220;Foot-and-mouth Disease &#8211; Restarting After a Stop: The Role of Reproductive Biology and Epidemiology in a Sustainable Restart&#8221; conference and webinar &#8211; 03rd June 2025<\/li>\n<li>Introduction to using R and Rmarkdown &#8211; 16th May &#8211; 06th June 2025<\/li>\n<li>Aspects of Feline Medicine and Care Workshop &#8211; 23rd May 2025<\/li>\n<li>\u201cPrudent use of antimicrobials in food producing animals\u201d workshop 15-16 April 2025<\/li>\n<li>\u201cCurrent issues of wildlife health and management in Hungary 2024\u201d conference \u2013 3rd April 2025<\/li>\n<li>Before, during and after a burnout \u2013 Burnout Workshop &#8211; 27th February 2025<\/li>\n<li>Selected chapters in clinical pharmacology in companion animal medicine \u2013 21st January 2025<\/li>\n<\/ul>\n<p>[\/et_pb_text][et_pb_text _builder_version=&#8221;4.26.1&#8243; _module_preset=&#8221;default&#8221; global_colors_info=&#8221;{}&#8221;]<\/p>\n<h3>Completed Continuing Education Courses 2024 in English<\/h3>\n<p>[\/et_pb_text][et_pb_accordion _builder_version=&#8221;4.26.1&#8243; _module_preset=&#8221;default&#8221; global_colors_info=&#8221;{}&#8221;][et_pb_accordion_item title=&#8221;Data Cloning Workshop &#8211; 28th august 2024, 8.00-17.00&#8243; open=&#8221;on&#8221; _builder_version=&#8221;4.26.1&#8243; _module_preset=&#8221;default&#8221; global_colors_info=&#8221;{}&#8221;]<\/p>\n<p><strong>Time: <\/strong>28th august 2024, 8.00-17.00<br \/><strong>Venue:<\/strong> University of Veterinary Medicine Budapest, 1078 Budapest Istv\u00e1n u. 2., Building N, 3rd floor, room N\/3<\/p>\n<p><strong>Performers:<\/strong><\/p>\n<ul>\n<li><strong>Subhash Lele, Professor Emeritus<\/strong>\u00a0(Dept. of Mathematical and Statistical Sciences, University of Alberta, Edmonton)<\/li>\n<li><strong>Peter Solymos, szenior adattud\u00f3s<\/strong>\u00a0(E Source), c\u00edmzetes egyetemi tan\u00e1r (Dept. of Biological Sciences, University of Alberta, Edmonton)<\/li>\n<\/ul>\n<p><strong>Registration deadline:<\/strong>\u00a02024. augusztus 21.<br \/>The course is in English.<br \/><strong>Participation is free, but registration is required!<\/strong><\/p>\n<p>[\/et_pb_accordion_item][et_pb_accordion_item title=&#8221;Vorbereitungskurs im Fach Chemie \u2013 26.-30. August&#8221; _builder_version=&#8221;4.26.1&#8243; _module_preset=&#8221;default&#8221; global_colors_info=&#8221;{}&#8221; open=&#8221;off&#8221;]<\/p>\n<p><strong>Venue \/ Standort:<\/strong>\u00a0Veterin\u00e4rmedizinische Universit\u00e4t Budapest, H-1078 Budapest, Istv\u00e1n utca 2., Ungarn, Vilmos Zlam\u00e1l H\u00f6rsaal<\/p>\n<ul>\n<li><a href=\"https:\/\/tkk.univet.hu\/wp-content\/uploads\/2024\/07\/Vorbereitungskurs-im-Fach-Chemie-240703.pdf\" target=\"_blank\" rel=\"noopener\">Kursanzeige<\/a><\/li>\n<\/ul>\n<p><strong>Registration deadline \/ Bewerbungsschluss:<\/strong>\u00a08. August 2024<\/p>\n<p>Zur Nutzung dieser Seite empfehlen wir die \u00dcbersetzungsfunktion des Chrome-Browsers.<\/p>\n<p>[\/et_pb_accordion_item][et_pb_accordion_item title=&#8221;%2221st European Carabidologists&#8217; Meeting%22 conference From 3rd to 5th June, 2024.&#8221; _builder_version=&#8221;4.26.1&#8243; _module_preset=&#8221;default&#8221; global_colors_info=&#8221;{}&#8221; open=&#8221;off&#8221;]<\/p>\n<p><strong>Venue:<\/strong> University of Veterinary Medicine Budapest, 1078 Budapest Istv\u00e1n u. 2.<\/p>\n<ul>\n<li><a href=\"https:\/\/sites.google.com\/view\/21ecm\">Information<\/a><\/li>\n<\/ul>\n<p><strong>Registration deadline:<\/strong> 30th April 2024.<\/p>\n\n\t\t<style type=\"text\/css\">\n\t\t\t#gallery-1 {\n\t\t\t\tmargin: auto;\n\t\t\t}\n\t\t\t#gallery-1 .gallery-item {\n\t\t\t\tfloat: left;\n\t\t\t\tmargin-top: 10px;\n\t\t\t\ttext-align: center;\n\t\t\t\twidth: 50%;\n\t\t\t}\n\t\t\t#gallery-1 img {\n\t\t\t\tborder: 2px solid #cfcfcf;\n\t\t\t}\n\t\t\t#gallery-1 .gallery-caption {\n\t\t\t\tmargin-left: 0;\n\t\t\t}\n\t\t\t\/* see gallery_shortcode() in wp-includes\/media.php *\/\n\t\t<\/style>\n\t\t<div id='gallery-1' class='gallery galleryid-1137 gallery-columns-2 gallery-size-large'><dl class='gallery-item'>\n\t\t\t<dt class='gallery-icon landscape'>\n\t\t\t\t<img loading=\"lazy\" decoding=\"async\" width=\"1024\" height=\"576\" src=\"https:\/\/tkk.univet.hu\/wp-content\/uploads\/2024\/07\/Carabidologists_conference_01-1024x576.jpg\" class=\"attachment-large size-large\" alt=\"\" srcset=\"https:\/\/tkk.univet.hu\/wp-content\/uploads\/2024\/07\/Carabidologists_conference_01-980x551.jpg 980w, https:\/\/tkk.univet.hu\/wp-content\/uploads\/2024\/07\/Carabidologists_conference_01-480x270.jpg 480w\" sizes=\"(min-width: 0px) and (max-width: 480px) 480px, (min-width: 481px) and (max-width: 980px) 980px, (min-width: 981px) 1024px, 100vw\" \/>\n\t\t\t<\/dt><\/dl><dl class='gallery-item'>\n\t\t\t<dt class='gallery-icon landscape'>\n\t\t\t\t<img loading=\"lazy\" decoding=\"async\" width=\"1024\" height=\"576\" src=\"https:\/\/tkk.univet.hu\/wp-content\/uploads\/2024\/07\/Carabidologists_conference_02-1024x576.jpg\" class=\"attachment-large size-large\" alt=\"\" srcset=\"https:\/\/tkk.univet.hu\/wp-content\/uploads\/2024\/07\/Carabidologists_conference_02-980x551.jpg 980w, https:\/\/tkk.univet.hu\/wp-content\/uploads\/2024\/07\/Carabidologists_conference_02-480x270.jpg 480w\" sizes=\"(min-width: 0px) and (max-width: 480px) 480px, (min-width: 481px) and (max-width: 980px) 980px, (min-width: 981px) 1024px, 100vw\" \/>\n\t\t\t<\/dt><\/dl><br style=\"clear: both\" \/><dl class='gallery-item'>\n\t\t\t<dt class='gallery-icon landscape'>\n\t\t\t\t<img loading=\"lazy\" decoding=\"async\" width=\"1024\" height=\"576\" src=\"https:\/\/tkk.univet.hu\/wp-content\/uploads\/2024\/07\/Carabidologists_conference_03-1024x576.jpg\" class=\"attachment-large size-large\" alt=\"\" srcset=\"https:\/\/tkk.univet.hu\/wp-content\/uploads\/2024\/07\/Carabidologists_conference_03-980x551.jpg 980w, https:\/\/tkk.univet.hu\/wp-content\/uploads\/2024\/07\/Carabidologists_conference_03-480x270.jpg 480w\" sizes=\"(min-width: 0px) and (max-width: 480px) 480px, (min-width: 481px) and (max-width: 980px) 980px, (min-width: 981px) 1024px, 100vw\" \/>\n\t\t\t<\/dt><\/dl><dl class='gallery-item'>\n\t\t\t<dt class='gallery-icon portrait'>\n\t\t\t\t<img loading=\"lazy\" decoding=\"async\" width=\"576\" height=\"1024\" src=\"https:\/\/tkk.univet.hu\/wp-content\/uploads\/2024\/07\/Carabidologists_conference_04-576x1024.jpg\" class=\"attachment-large size-large\" alt=\"\" \/>\n\t\t\t<\/dt><\/dl><br style=\"clear: both\" \/><dl class='gallery-item'>\n\t\t\t<dt class='gallery-icon landscape'>\n\t\t\t\t<img loading=\"lazy\" decoding=\"async\" width=\"1024\" height=\"576\" src=\"https:\/\/tkk.univet.hu\/wp-content\/uploads\/2024\/07\/Carabidologists_conference_05-1024x576.jpg\" class=\"attachment-large size-large\" alt=\"\" srcset=\"https:\/\/tkk.univet.hu\/wp-content\/uploads\/2024\/07\/Carabidologists_conference_05-980x551.jpg 980w, https:\/\/tkk.univet.hu\/wp-content\/uploads\/2024\/07\/Carabidologists_conference_05-480x270.jpg 480w\" sizes=\"(min-width: 0px) and (max-width: 480px) 480px, (min-width: 481px) and (max-width: 980px) 980px, (min-width: 981px) 1024px, 100vw\" \/>\n\t\t\t<\/dt><\/dl><dl class='gallery-item'>\n\t\t\t<dt class='gallery-icon landscape'>\n\t\t\t\t<img loading=\"lazy\" decoding=\"async\" width=\"1024\" height=\"576\" src=\"https:\/\/tkk.univet.hu\/wp-content\/uploads\/2024\/07\/Carabidologists_conference_06-1024x576.jpg\" class=\"attachment-large size-large\" alt=\"\" srcset=\"https:\/\/tkk.univet.hu\/wp-content\/uploads\/2024\/07\/Carabidologists_conference_06-980x551.jpg 980w, https:\/\/tkk.univet.hu\/wp-content\/uploads\/2024\/07\/Carabidologists_conference_06-480x270.jpg 480w\" sizes=\"(min-width: 0px) and (max-width: 480px) 480px, (min-width: 481px) and (max-width: 980px) 980px, (min-width: 981px) 1024px, 100vw\" \/>\n\t\t\t<\/dt><\/dl><br style=\"clear: both\" \/>\n\t\t<\/div>\n\n<p>[\/et_pb_accordion_item][\/et_pb_accordion][et_pb_text _builder_version=&#8221;4.26.1&#8243; _module_preset=&#8221;default&#8221; global_colors_info=&#8221;{}&#8221;]<\/p>\n<h3>Completed Continuing Education Courses 2024 &#8211; in Hungarian<\/h3>\n<ul>\n<li>Animals without borders &#8211; Current animal protection issues in international animal transport conference &#8211; 3rd of December, 2024<\/li>\n<li>Actual animal health issues in farm animal veterinary practice \u2013 14th November, 2024<\/li>\n<li>Intermediate Word course for University staff &#8211; 29th of August 2024. 8:30-12:30<\/li>\n<li>Intermediate Excel course for University staff &#8211; 26th of August 2024. 8:30-12:30<\/li>\n<li>&#8220;Working Together to Reduce Antimicrobial Resistance in Hungary&#8221; conference &#8211; 7 May, 10 am<\/li>\n<li>&#8220;Current issues of wildlife health and management in Hungary 2024&#8221; conference &#8211; 21st May 2024, 10 am<\/li>\n<li>&#8220;Prudent use of antimicrobials in food producing animals&#8221; workshop 20-21 February 2024.<\/li>\n<\/ul>\n<p>&nbsp;<\/p>\n<h3>Completed Continuing Education Courses 2023 &#8211; in English<\/h3>\n<ul>\n<li>\u201cHow to improve the reproduction in dairy farms\u201d workshop &#8211; 21st April 2023, 10 am<\/li>\n<li>\u201cAnimal-Friendly Handling\u201d workshop &#8211; 7th October 2023.<\/li>\n<\/ul>\n<p>[\/et_pb_text][et_pb_text _builder_version=&#8221;4.26.1&#8243; _module_preset=&#8221;default&#8221; global_colors_info=&#8221;{}&#8221;]<\/p>\n<h3>Completed Continuing Education Courses before 2024<\/h3>\n<ul>\n<li>General principals of fluid therapy in small animals<\/li>\n<li>Current issues of wildlife health and management in Hungary<\/li>\n<li>Current issues on animal health in small ruminants<\/li>\n<li>Moral issues of scientific progress<\/li>\n<li>Preparatory courses for the hunter examination<\/li>\n<li>Alternative Therapies in Veterinary Medicine<\/li>\n<li>Prudent use of antimicrobials in food producing animals<\/li>\n<li>Clinical pharmacology of antibacterialand antifungal drugs in companion animal practice<\/li>\n<li>Clinical pharmacology of antibiotics in swine<\/li>\n<li>The Deadly Link: Animal Cruelty Vs Human Violence<\/li>\n<li>Basic principles of biostatistics<\/li>\n<li>Advanced radiation safety course<\/li>\n<li>Calf diseases<\/li>\n<li>Digital innovations and services in the agribusiness &#8211; The circular flow of inputs and outputs in the sustainable milk production<\/li>\n<li>Digital solutions for cattle health<\/li>\n<li>Cooperation and networking \u2013 an interactive workshop on our own operation from a dog\u2019s perspective<\/li>\n<li>Enteripig training<\/li>\n<li>Sustainable milk production &#8211; New perspectives in udder health management<\/li>\n<li>Flexible taping in dogs<\/li>\n<li>Actual issues of pigeon health from the veterinary practitioners&#8217; point of view<\/li>\n<li>Responsible Dog Ownership Certificate Course<\/li>\n<li>Prudent drug use in veterinary medicine<\/li>\n<li>How to control the contagious bovine diseases?<\/li>\n<li>The profile of animal abusers<\/li>\n<li>Before, during and after a burnout \u2013 Burnout Workshop<\/li>\n<li>Recent advances in companion animal cardiology<\/li>\n<li>Clinical neurology in small animals I.<\/li>\n<li>Use of antiparasitics in the companion animal practice<\/li>\n<li>Small animal electrocardiography<\/li>\n<li>Dogs\u2019 behavior and behavior problems<\/li>\n<li>Clinical nutrition of dogs and cats<\/li>\n<li>Let\u2019s talk about the kidney: lectures and workshop for veterinary technicians<\/li>\n<li>Effect of analytical procedures on laboratory results. Workshop for large animal practitioners<\/li>\n<li>Respiratory Diseases of Dogs and Cats<\/li>\n<li>Linking the resistome to the microbiome in complex microbial communities<\/li>\n<li>Current issues on Equine Medicine<\/li>\n<li>Common issues of hypertension related diseases in cats<\/li>\n<li>Meta-analysis course<\/li>\n<li>Modern scientific and ancient roots: horse dietetics and the role of herbs<\/li>\n<li>Orthopedic anatomy<\/li>\n<li>Precision systems to support circular farming in dairy herds<\/li>\n<li>Introduction to statistics using R<\/li>\n<li>Introduction to using R<\/li>\n<li>Special Operative Procedures in Small Animals &#8211; Gastrointestinal Surgery Workshop<\/li>\n<li>Statistical modelling<\/li>\n<li>Surgical and internal medicine emergencies in small animals<\/li>\n<li>Indoor and garden plants toxic to companion animals<\/li>\n<li>Our tricky animal mirrors &#8211; Possibility for cooperation between veterinarians and psychologists<\/li>\n<li>Selected chapters in small animal medicine<\/li>\n<li>Selected chapters in companion animal clinical pharmacology<\/li>\n<li>Manners and etiquette in veterinary practice<\/li>\n<\/ul>\n<p>[\/et_pb_text][\/et_pb_column][\/et_pb_row][\/et_pb_section]<\/p>\n","protected":false},"excerpt":{"rendered":"<p>Completed Continuing Education Courses 2025 in EnglishVenue:\u00a0Surgery practical room, University of Veterinary Medicine Budapest, H-1078 BUDAPEST, Istv\u00e1n u. 2.Time:\u00a0June 6, 2025, Friday Downloadable program Registration deadline:\u00a0May 5, 2025Fee:\u00a0350 Euro (including drinks and sandwich meal)Postgraduate credit points:\u00a037The course is in English.Completed Continuing Education Courses 2025 in Hungarian &#8220;Foot-and-mouth Disease &#8211; Restarting After a Stop: The Role [&hellip;]<\/p>\n","protected":false},"author":3,"featured_media":0,"parent":0,"menu_order":0,"comment_status":"closed","ping_status":"closed","template":"","meta":{"_et_pb_use_builder":"on","_et_pb_old_content":"","_et_gb_content_width":"","footnotes":""},"class_list":["post-1137","page","type-page","status-publish","hentry"],"_links":{"self":[{"href":"https:\/\/tkk.univet.hu\/en\/wp-json\/wp\/v2\/pages\/1137","targetHints":{"allow":["GET"]}}],"collection":[{"href":"https:\/\/tkk.univet.hu\/en\/wp-json\/wp\/v2\/pages"}],"about":[{"href":"https:\/\/tkk.univet.hu\/en\/wp-json\/wp\/v2\/types\/page"}],"author":[{"embeddable":true,"href":"https:\/\/tkk.univet.hu\/en\/wp-json\/wp\/v2\/users\/3"}],"replies":[{"embeddable":true,"href":"https:\/\/tkk.univet.hu\/en\/wp-json\/wp\/v2\/comments?post=1137"}],"version-history":[{"count":19,"href":"https:\/\/tkk.univet.hu\/en\/wp-json\/wp\/v2\/pages\/1137\/revisions"}],"predecessor-version":[{"id":2174,"href":"https:\/\/tkk.univet.hu\/en\/wp-json\/wp\/v2\/pages\/1137\/revisions\/2174"}],"wp:attachment":[{"href":"https:\/\/tkk.univet.hu\/en\/wp-json\/wp\/v2\/media?parent=1137"}],"curies":[{"name":"wp","href":"https:\/\/api.w.org\/{rel}","templated":true}]}}